{"id":620,"date":"2016-08-04T12:13:37","date_gmt":"2016-08-04T12:13:37","guid":{"rendered":"http:\/\/gurdjieff-dances.com\/fra\/?page_id=620"},"modified":"2017-05-20T04:17:47","modified_gmt":"2017-05-20T04:17:47","slug":"derriere-le-mouvement-visible","status":"publish","type":"page","link":"https:\/\/gurdjieff-dances.com\/fra\/articles-et-interviews\/derriere-le-mouvement-visible\/","title":{"rendered":"Derri\u00e8re le mouvement visible&#8230;"},"content":{"rendered":"<p>Il existe un autre mouvement derri\u00e8re le mouvement visible, il est invisible et tr\u00e8s puissant, le mouvement externe d\u00e9pend de lui. Si ce mouvement int\u00e9rieur n\u2019\u00e9tait pas puissant, aucune action ne pourrait se faire \u00e0 l\u2019ext\u00e9rieur.<\/p>\n<p>Vous devez constamment partager votre attention entre ce qui vous d\u00e9passe \/ ce qui est plus \u00e9lev\u00e9 que vous et votre mouvement. Vous vous perdez toujours dans l\u2019un ou l\u2019autre. D\u00e8s l\u2019instant o\u00f9 vous ne faites plus cet effort, vous vous identifiez avec le mouvement.<\/p>\n<p>Vous devez consid\u00e9rer ces mouvements comme une situation, et une situation exceptionnelle ; qui vous est offerte pour travailler sur votre attention. Et donc, en divisant votre attention, vous occupez la place que vous pouvez. Un jour, vous serez peut-\u00eatre capable de plus, mais aujourd\u2019hui c\u2019est votre place. Vous ne vous rendez pas suffisamment compte que l\u2019attention est votre seule chance. Sans elle, vous ne pouvez rien faire.<\/p>\n<p>Habituellement, vous pensez \u00e0 votre mouvement, mais vous ne le FAITES pas. Vous maintenez votre pens\u00e9e sur le mouvement, puis, quand il est temps de le faire, vous l\u00e2chez et le mouvement se fait sans vous, peu importe comment.<br \/>\nLa pens\u00e9e doit avoir son propre centre de gravit\u00e9 ; elle ne peut pas \u00eatre ici ou l\u00e0. Nous devons trouver ce centre de gravit\u00e9. Il en va de m\u00eame pour le corps ; s\u2019il n\u2019est pas centr\u00e9, aucun mouvement n\u2019est possible. C\u2019est identique avec les sentiments.<\/p>\n<p>Ces mouvements nous permettent de passer d\u2019un centre de gravit\u00e9 \u00e0 un autre ; c\u2019est ce d\u00e9placement qui cr\u00e9e l\u2019\u00e9tat. Le geste, le mouvement c\u2019est ce qui est important, non les postures<\/p>\n<p><strong>Jeanne de Salzmann<\/strong><\/p>\n<p>Plus sur les site:\u00a0<a href=\"http:\/\/www.gurdjieff.org\/salzmann2.htm\" target=\"_blank\">http:\/\/www.gurdjieff.org\/salzmann2.htm<\/a><\/p>\n","protected":false},"excerpt":{"rendered":"<p>Il existe un autre mouvement derri\u00e8re le mouvement visible, il est invisible et tr\u00e8s puissant, le mouvement externe d\u00e9pend de lui. Si ce mouvement int\u00e9rieur n\u2019\u00e9tait pas puissant, aucune action ne pourrait se faire \u00e0 l\u2019ext\u00e9rieur. Vous devez constamment partager votre attention entre ce qui vous d\u00e9passe \/ ce qui est plus \u00e9lev\u00e9 que vous [&hellip;]<\/p>\n","protected":false},"author":1,"featured_media":0,"parent":598,"menu_order":0,"comment_status":"closed","ping_status":"closed","template":"","meta":{"footnotes":""},"_links":{"self":[{"href":"https:\/\/gurdjieff-dances.com\/fra\/wp-json\/wp\/v2\/pages\/620"}],"collection":[{"href":"https:\/\/gurdjieff-dances.com\/fra\/wp-json\/wp\/v2\/pages"}],"about":[{"href":"https:\/\/gurdjieff-dances.com\/fra\/wp-json\/wp\/v2\/types\/page"}],"author":[{"embeddable":true,"href":"https:\/\/gurdjieff-dances.com\/fra\/wp-json\/wp\/v2\/users\/1"}],"replies":[{"embeddable":true,"href":"https:\/\/gurdjieff-dances.com\/fra\/wp-json\/wp\/v2\/comments?post=620"}],"version-history":[{"count":2,"href":"https:\/\/gurdjieff-dances.com\/fra\/wp-json\/wp\/v2\/pages\/620\/revisions"}],"predecessor-version":[{"id":684,"href":"https:\/\/gurdjieff-dances.com\/fra\/wp-json\/wp\/v2\/pages\/620\/revisions\/684"}],"up":[{"embeddable":true,"href":"https:\/\/gurdjieff-dances.com\/fra\/wp-json\/wp\/v2\/pages\/598"}],"wp:attachment":[{"href":"https:\/\/gurdjieff-dances.com\/fra\/wp-json\/wp\/v2\/media?parent=620"}],"curies":[{"name":"wp","href":"https:\/\/api.w.org\/{rel}","templated":true}]}}