{"id":615,"date":"2016-08-04T12:12:53","date_gmt":"2016-08-04T12:12:53","guid":{"rendered":"http:\/\/gurdjieff-dances.com\/fra\/?page_id=615"},"modified":"2025-01-13T09:06:57","modified_gmt":"2025-01-13T09:06:57","slug":"un-coeur-sans-limites","status":"publish","type":"page","link":"https:\/\/gurdjieff-dances.com\/fra\/articles-et-interviews\/un-coeur-sans-limites\/","title":{"rendered":"Un c\u0153ur sans limites"},"content":{"rendered":"<p>Dans les groupes, Madame de Salzmann, insiste \u00e9norm\u00e9ment sur la bonne position du corps, comme condition pr\u00e9alable \u00e0 une qualit\u00e9 sup\u00e9rieure d\u2019attention. \u00c0 un moment, assise tr\u00e8s droite sur sa chaise, elle d\u00e9signa son pied et dit, \u00ab M\u00eame si seulement un pied n\u2019est pas correctement align\u00e9, la connexion avec l\u2019\u00e9nergie sup\u00e9rieure peut se casser. \u00bb Elle est elle-m\u00eame assise l\u00e0 comme un st\u00fbpa, d\u00e9montrant par sa pr\u00e9sence la position correcte et sa connexion avec l\u2019\u00e9nergie sup\u00e9rieure. Je vois \/ je r\u00e9alise de plus en plus que la position est une partie essentielle de l\u2019enseignement. J\u2019ai senti que mon corps \u00e9tait trop lourd et que je n\u2019\u00e9tais pas assez sensible pour r\u00e9aliser le dommage fait par un mauvais positionnement du pied. Je suppose que le corps est comme un instrument de musique. Un musicien accompli et sensible sera probablement plus conscient de toutes les diff\u00e9rentes subtilit\u00e9s de l\u2019instrument qu\u2019un d\u00e9butant&#8230;<br \/>\nJe r\u00e9alisais soudain qu\u2019une difficult\u00e9 majeure r\u00e9side pr\u00e9cis\u00e9ment en ceci : on ne voit pas que l\u2019on est aveugle, et qu\u2019il est possible d\u2019ouvrir les yeux. C\u2019est absurde, mais vrai : il est difficile d\u2019accepter que si mes yeux \u00e9taient ouverts, je voie ce que normalement je ne vois pas. Je ne vois ni la consternation de ma situation pr\u00e9sente, ni l\u2019\u00e9merveillement qu\u2019elle pourrait \u00eatre.<\/p>\n<p>Ravi Ravindra :\u201d Un c\u0153ur sans limites \/ sans mesure \u201c<\/p>\n<p><a href=\"http:\/\/gurdjieff-dances.com\/fra\/wp-content\/uploads\/2016\/08\/dsc01200.jpg\"><img loading=\"lazy\" decoding=\"async\" class=\"alignnone size-medium wp-image-616\" src=\"http:\/\/gurdjieff-dances.com\/fra\/wp-content\/uploads\/2016\/08\/dsc01200-300x225.jpg\" alt=\"dsc01200\" width=\"300\" height=\"225\" srcset=\"https:\/\/gurdjieff-dances.com\/fra\/wp-content\/uploads\/2016\/08\/dsc01200-300x225.jpg 300w, https:\/\/gurdjieff-dances.com\/fra\/wp-content\/uploads\/2016\/08\/dsc01200.jpg 350w\" sizes=\"(max-width: 300px) 100vw, 300px\" \/><\/a><\/p>\n","protected":false},"excerpt":{"rendered":"<p>Dans les groupes, Madame de Salzmann, insiste \u00e9norm\u00e9ment sur la bonne position du corps, comme condition pr\u00e9alable \u00e0 une qualit\u00e9 sup\u00e9rieure d\u2019attention. \u00c0 un moment, assise tr\u00e8s droite sur sa chaise, elle d\u00e9signa son pied et dit, \u00ab M\u00eame si seulement un pied n\u2019est pas correctement align\u00e9, la connexion avec l\u2019\u00e9nergie sup\u00e9rieure peut se casser. [&hellip;]<\/p>\n","protected":false},"author":1,"featured_media":0,"parent":598,"menu_order":0,"comment_status":"closed","ping_status":"closed","template":"","meta":{"footnotes":""},"_links":{"self":[{"href":"https:\/\/gurdjieff-dances.com\/fra\/wp-json\/wp\/v2\/pages\/615"}],"collection":[{"href":"https:\/\/gurdjieff-dances.com\/fra\/wp-json\/wp\/v2\/pages"}],"about":[{"href":"https:\/\/gurdjieff-dances.com\/fra\/wp-json\/wp\/v2\/types\/page"}],"author":[{"embeddable":true,"href":"https:\/\/gurdjieff-dances.com\/fra\/wp-json\/wp\/v2\/users\/1"}],"replies":[{"embeddable":true,"href":"https:\/\/gurdjieff-dances.com\/fra\/wp-json\/wp\/v2\/comments?post=615"}],"version-history":[{"count":2,"href":"https:\/\/gurdjieff-dances.com\/fra\/wp-json\/wp\/v2\/pages\/615\/revisions"}],"predecessor-version":[{"id":16500,"href":"https:\/\/gurdjieff-dances.com\/fra\/wp-json\/wp\/v2\/pages\/615\/revisions\/16500"}],"up":[{"embeddable":true,"href":"https:\/\/gurdjieff-dances.com\/fra\/wp-json\/wp\/v2\/pages\/598"}],"wp:attachment":[{"href":"https:\/\/gurdjieff-dances.com\/fra\/wp-json\/wp\/v2\/media?parent=615"}],"curies":[{"name":"wp","href":"https:\/\/api.w.org\/{rel}","templated":true}]}}