{"id":613,"date":"2016-08-04T12:12:09","date_gmt":"2016-08-04T12:12:09","guid":{"rendered":"http:\/\/gurdjieff-dances.com\/fra\/?page_id=613"},"modified":"2016-08-04T12:22:53","modified_gmt":"2016-08-04T12:22:53","slug":"en-groupe","status":"publish","type":"page","link":"https:\/\/gurdjieff-dances.com\/fra\/articles-et-interviews\/en-groupe\/","title":{"rendered":"En groupe"},"content":{"rendered":"<p>Notre conscience individuelle n\u2019est pas vraiment individuelle, en son for int\u00e9rieur, elle est collective. Nous paraissons \u00eatre des \u00eeles, mais plus profond\u00e9ment toutes les \u00eeles sont connect\u00e9es \u00e0 la terre. Nous paraissons \u00eatre comme des \u00eeles, diff\u00e9rentes \u2014 je suis conscient, vous \u00eates conscient \u2014, mais votre conscience et ma conscience, quelque part au plus profond sont une. Connect\u00e9e \u00e0 la terre, le sol de base.<\/p>\n<p>C\u2019est pourquoi beaucoup de choses paraissent inexplicables. Si vous m\u00e9ditez seul, c\u2019est plus difficile, mais si vous m\u00e9ditez en groupe, c\u2019est tr\u00e8s facile, parce que tout le groupe fonctionne comme une unit\u00e9. Durant les retraites de m\u00e9ditation, apr\u00e8s deux ou trois jours, j\u2019ai senti et observ\u00e9 que vous n\u2019avez plus d\u2019individualit\u00e9 ; vous faites partie d\u2019une conscience plus vaste. Des ondes tr\u00e8s subtiles se font ressentir, se mettent \u00e0 circuler, et la conscience du groupe \u00e9volue.<br \/>\nEt lorsque vous dansez, vous ne dansez pas vraiment, c\u2019est la conscience collective du groupe qui danse ; vous en faites juste partie. Le rythme n\u2019est pas qu\u2019\u00e0 l\u2019int\u00e9rieur de vous, il est aussi \u00e0 l\u2019ext\u00e9rieur. Le rythme est tout autour de vous. Le ph\u00e9nom\u00e8ne superficiel d\u2019\u00eatre comme des \u00eeles est oubli\u00e9, et le ph\u00e9nom\u00e8ne plus profond d\u2019\u00eatre un, se r\u00e9alise. Dans un groupe vous \u00eates plus proche du divin ; seul, vous vous en \u00e9loignez, parce qu\u2019\u00e0 nouveau vous vous concentrez sur l\u2019\u00e9go, sur la diff\u00e9rence superficielle, sur la s\u00e9paration apparente. Cette technique est utile, parce qu\u2019en r\u00e9alit\u00e9 vous \u00eates un avec l\u2019univers. Il s\u2019agit de savoir comment parvenir \u00e0 le sentir ou comment tomber dedans et le r\u00e9aliser.<br \/>\nLe fait d\u2019\u00eatre dans un groupe amical vous donne de l\u2019\u00e9nergie. Par contre, le fait d\u2019\u00eatre avec quelqu\u2019un d\u2019antagoniste vous fait toujours sentir que vous perdez de l\u2019\u00e9nergie. Pourquoi ? Quand vous \u00eates dans un groupe amical, en famille, et que vous \u00eates assis \u00e0 vous d\u00e9tendre, \u00e0 juste \u00eatre ensemble, vous vous sentez stimul\u00e9, revitalis\u00e9. En rencontrant un ami, vous vous sentez plus vivant que vous ne l\u2019\u00e9tiez juste avant sa rencontre. En croisant un ennemi, vous sentez que vous avez perdu de l\u2019\u00e9nergie, vous vous sentez fatigu\u00e9. Que se passe-t-il ?<br \/>\nLorsque vous rencontrez un groupe de gens amicaux et sympathiques, vous oubliez votre individualit\u00e9 ; vous fonctionnez au niveau fondamental dans lequel vous pouvez vous vous rencontrer. Lorsque quelqu\u2019un est antagoniste, vous devenez plus individuel, plus \u00e9go\u00efste ; vous vous raccrochez \u00e0 votre ego, c\u2019est ce qui vous fatigue. Toute \u00e9nergie vient des racines ; toute \u00e9nergie vient avec le sentiment d\u2019un \u00eatre collectif.<\/p>\n<p>Au d\u00e9but, en faisant cette m\u00e9ditation vous sentirez surgir un \u00eatre collectif, puis finalement une conscience cosmique. Quand toutes les diff\u00e9rences se perdent, toutes les limites disparaissent, l\u2019existence demeure enti\u00e8re, une unit\u00e9, un tout ; tout est alors inclus. Cet effort de tout int\u00e9grer commence par votre existence individuelle m\u00eame. Int\u00e9grez.<\/p>\n<p><strong>Osho<\/strong><\/p>\n","protected":false},"excerpt":{"rendered":"<p>Notre conscience individuelle n\u2019est pas vraiment individuelle, en son for int\u00e9rieur, elle est collective. Nous paraissons \u00eatre des \u00eeles, mais plus profond\u00e9ment toutes les \u00eeles sont connect\u00e9es \u00e0 la terre. Nous paraissons \u00eatre comme des \u00eeles, diff\u00e9rentes \u2014 je suis conscient, vous \u00eates conscient \u2014, mais votre conscience et ma conscience, quelque part au plus [&hellip;]<\/p>\n","protected":false},"author":1,"featured_media":0,"parent":598,"menu_order":0,"comment_status":"closed","ping_status":"closed","template":"","meta":{"footnotes":""},"_links":{"self":[{"href":"https:\/\/gurdjieff-dances.com\/fra\/wp-json\/wp\/v2\/pages\/613"}],"collection":[{"href":"https:\/\/gurdjieff-dances.com\/fra\/wp-json\/wp\/v2\/pages"}],"about":[{"href":"https:\/\/gurdjieff-dances.com\/fra\/wp-json\/wp\/v2\/types\/page"}],"author":[{"embeddable":true,"href":"https:\/\/gurdjieff-dances.com\/fra\/wp-json\/wp\/v2\/users\/1"}],"replies":[{"embeddable":true,"href":"https:\/\/gurdjieff-dances.com\/fra\/wp-json\/wp\/v2\/comments?post=613"}],"version-history":[{"count":1,"href":"https:\/\/gurdjieff-dances.com\/fra\/wp-json\/wp\/v2\/pages\/613\/revisions"}],"predecessor-version":[{"id":614,"href":"https:\/\/gurdjieff-dances.com\/fra\/wp-json\/wp\/v2\/pages\/613\/revisions\/614"}],"up":[{"embeddable":true,"href":"https:\/\/gurdjieff-dances.com\/fra\/wp-json\/wp\/v2\/pages\/598"}],"wp:attachment":[{"href":"https:\/\/gurdjieff-dances.com\/fra\/wp-json\/wp\/v2\/media?parent=613"}],"curies":[{"name":"wp","href":"https:\/\/api.w.org\/{rel}","templated":true}]}}