{"id":611,"date":"2016-08-04T12:11:35","date_gmt":"2016-08-04T12:11:35","guid":{"rendered":"http:\/\/gurdjieff-dances.com\/fra\/?page_id=611"},"modified":"2016-08-04T12:22:38","modified_gmt":"2016-08-04T12:22:38","slug":"mon-experience","status":"publish","type":"page","link":"https:\/\/gurdjieff-dances.com\/fra\/articles-et-interviews\/mon-experience\/","title":{"rendered":"Mon exp\u00e9rience"},"content":{"rendered":"<p>Je fus toute ma vie \u00e0 la recherche de moi-m\u00eame  \u00e0 travers diff\u00e9rentes techniques de danse. J\u2019ai vu les danses de Gurdjieff pour la premi\u00e8re fois dans le film \u00ab Rencontre avec des hommes remarquables \u00bb. Je vivais alors en Inde, dans la communaut\u00e9 d\u2019Osho. Il m\u2019avait personnellement demand\u00e9 d\u2019\u00e9tudier la d\u00e9monstration des Mouvements donn\u00e9s \u00e0 la fin du film, pour commencer leur apprentissage et pouvoir ensuite les enseigner dans sa communaut\u00e9. Quelque chose a si fortement retenu mon attention, que j\u2019en eu la respiration coup\u00e9e. Bien que les danses soient belles et charismatiques, ce n\u2019\u00e9tait pas leur esth\u00e9tique, leur beaut\u00e9 qui m\u2019avaient subjugu\u00e9e, mais quelque chose qui transparaissait derri\u00e8re le mouvement visible, un \u00e9tat int\u00e9rieur refl\u00e9t\u00e9 sur le visage des danseurs, une qualit\u00e9 particuli\u00e8re de pr\u00e9sence. J\u2019avais devant les yeux une \u2018technique\u2019 de danse dans laquelle, ind\u00e9niablement, l\u2019\u00eatre tout entier participe et pas simplement le corps. Ce n\u2019\u00e9tait pas la cr\u00e9ation d\u2019une danse, mais la cr\u00e9ation de danseurs au travers de la danse. Ils semblaient habit\u00e9s par des forces inh\u00e9rentes aux mouvements eux-m\u00eames, par une nouvelle essence. Je me suis rendu compte que chaque mouvement ext\u00e9rieur n\u2019\u00e9tait que l\u2019extr\u00e9mit\u00e9 d\u2019un iceberg, que des formes int\u00e9rieures composaient un chemin vivant et un chemin de vie. Que peut-\u00eatre j\u2019aurais enfin la chance d\u2019incarner, apr\u00e8s mes longues ann\u00e9es de recherche, le lien entre la danse et la m\u00e9ditation.<\/p>\n<p>C\u2019est avec bonheur que je me suis lanc\u00e9e corps et \u00e2me, dans ce qui deviendrait une toute nouvelle discipline pour mon corps, mon esprit et mon c\u0153ur&#8230; Au d\u00e9but, cela semblait \u00eatre un grand travail de coordination, de rythme et une nouvelle fa\u00e7on d\u2019habiter mon corps, en raison de ce style de postures, transitions, s\u00e9quences inconnues jusqu\u2019alors : les pieds suivent un certain rythme, le bras droit un autre, le bras gauche un autre encore, ou des s\u00e9ries de mouvements \u00e9trangement asym\u00e9triques, une partie du corps arrondie et l\u2019autre staccato<\/p>\n<p>Cependant je d\u00e9couvre que ce processus offre bien plus que cela : il agit \u00e9galement au niveau des canaux d\u2019\u00e9nergie, d\u00e9bloquant des n\u0153uds \u00e9motionnels, se d\u00e9barrassant de vieux syst\u00e8mes de croyances. Il m\u2019est arriv\u00e9 de ressentir une nouvelle restructuration au niveau du cerveau, comme si des sentiers inexplor\u00e9s se transformaient soudainement en des circuits ouverts, que de nouveaux passages s\u2019ouvraient entre les 2 h\u00e9misph\u00e8res du cerveau.<\/p>\n<p>Dans l\u2019enseignement, nous harmonisons le travail des deux h\u00e9misph\u00e8res. L\u2019h\u00e9misph\u00e8re droit, qui apprend \u00e0 travers une vision globale, l\u2019intuition, le fusionnement et l\u2019amour. L\u2019h\u00e9misph\u00e8re gauche, qui apprend \u00e0 travers des mod\u00e8les pr\u00e9cis, une perception exacte, l\u2019observation des d\u00e9tails.<\/p>\n<p>Lorsque la musique et les mouvements s\u2019arr\u00eat\u00e8rent, j\u2019observais avec \u00e9tonnement une nouvelle qualit\u00e9 d\u2019\u00e9nergie circulant puissamment \u00e0 l\u2019int\u00e9rieur du corps et la joie de cette r\u00e9alisation inonda mon c\u0153ur. De toute ma carri\u00e8re de danseuse, je n\u2019avais jamais eu cette exp\u00e9rience ! Je commen\u00e7ais \u00e0 m\u2019engager \u00e9motionnellement, tout en restant d\u00e9tach\u00e9e gr\u00e2ce \u00e0 l\u2019observation. Je me suis mise \u00e0 examiner tous les diff\u00e9rents climats des Mouvements : l\u2019espace int\u00e9rieur paisible de certaines pri\u00e8res ; l\u2019aspiration, la nostalgie \u00e9veill\u00e9e par d\u2019autres ; le d\u00e9chirement du c\u0153ur provoqu\u00e9 par le sentiment de savoir que \u2018je\u2019 suis bien plus que ce que je vis ; le feu int\u00e9rieur, la passion et la d\u00e9termination d\u00e9clench\u00e9s par les danses derviches et aussi l\u2019humour contenu dans certains passages. Je commen\u00e7ais \u00e0 incarner dans ma chair le langage des diff\u00e9rentes positions et les transitions de l\u2019une \u00e0 l\u2019autre. L\u2019important n\u2019est pas juste d\u2019acc\u00e9der \u00e0 la position, mais la fa\u00e7on d\u2019y parvenir, ce continuel message ininterrompu donn\u00e9 par le mouvement et ses composants : parfois, un tout petit changement de la position spatiale des doigts de la main, et le sens change radicalement. \u00c0 condition bien s\u00fbr, encore et encore, que quelqu\u2019un soit \u2018pr\u00e9sent\u2019, t\u00e9moin, et \u00e0 condition que l\u2019\u00catre domine le faire. Et \u00e0 ce moment-l\u00e0, nous faisons l\u2019exp\u00e9rience de la trilogie exprim\u00e9e aussi de fa\u00e7on verbale dans certaines danses :<\/p>\n<p>\u00ab Je suis, je souhaite, je peux \u00bb<\/p>\n<p>Je suis, donc, je peux.<\/p>\n<p>Juste cela ouvrit une nouvelle direction dans ma vie quotidienne.<\/p>\n<p>Si \u00ab je suis \u00bb, unie dans mon corps, mon c\u0153ur et mon esprit, en ce lieu et cet instant, je suis alors capable d\u2019agir dans la vie de fa\u00e7on consciente et efficace.<\/p>\n<p>Les mouvements me montrent que soit je suis pr\u00e9sente, avec mes trois centres, physique, \u00e9motionnel et intellectuel, se soutenant les uns les autres, soit je ne suis pas pr\u00e9sente. Il n\u2019y a pas d\u2019\u00e0-peu-pr\u00e8s.<\/p>\n<p>Et le go\u00fbt de ces deux \u00e9tats est si diff\u00e9rent ! L\u2019un est l\u2019\u00e9tat brumeux du sommeil, du doute, de l\u2019anxi\u00e9t\u00e9 et l\u2019autre donne un go\u00fbt de libert\u00e9, d\u2019espace, de silence et d\u2019harmonie.<\/p>\n<p>Amiyo Devienne<\/p>\n","protected":false},"excerpt":{"rendered":"<p>Je fus toute ma vie \u00e0 la recherche de moi-m\u00eame \u00e0 travers diff\u00e9rentes techniques de danse. J\u2019ai vu les danses de Gurdjieff pour la premi\u00e8re fois dans le film \u00ab Rencontre avec des hommes remarquables \u00bb. Je vivais alors en Inde, dans la communaut\u00e9 d\u2019Osho. Il m\u2019avait personnellement demand\u00e9 d\u2019\u00e9tudier la d\u00e9monstration des Mouvements donn\u00e9s [&hellip;]<\/p>\n","protected":false},"author":1,"featured_media":0,"parent":598,"menu_order":0,"comment_status":"closed","ping_status":"closed","template":"","meta":{"footnotes":""},"_links":{"self":[{"href":"https:\/\/gurdjieff-dances.com\/fra\/wp-json\/wp\/v2\/pages\/611"}],"collection":[{"href":"https:\/\/gurdjieff-dances.com\/fra\/wp-json\/wp\/v2\/pages"}],"about":[{"href":"https:\/\/gurdjieff-dances.com\/fra\/wp-json\/wp\/v2\/types\/page"}],"author":[{"embeddable":true,"href":"https:\/\/gurdjieff-dances.com\/fra\/wp-json\/wp\/v2\/users\/1"}],"replies":[{"embeddable":true,"href":"https:\/\/gurdjieff-dances.com\/fra\/wp-json\/wp\/v2\/comments?post=611"}],"version-history":[{"count":1,"href":"https:\/\/gurdjieff-dances.com\/fra\/wp-json\/wp\/v2\/pages\/611\/revisions"}],"predecessor-version":[{"id":612,"href":"https:\/\/gurdjieff-dances.com\/fra\/wp-json\/wp\/v2\/pages\/611\/revisions\/612"}],"up":[{"embeddable":true,"href":"https:\/\/gurdjieff-dances.com\/fra\/wp-json\/wp\/v2\/pages\/598"}],"wp:attachment":[{"href":"https:\/\/gurdjieff-dances.com\/fra\/wp-json\/wp\/v2\/media?parent=611"}],"curies":[{"name":"wp","href":"https:\/\/api.w.org\/{rel}","templated":true}]}}