{"id":609,"date":"2016-08-04T12:11:12","date_gmt":"2016-08-04T12:11:12","guid":{"rendered":"http:\/\/gurdjieff-dances.com\/fra\/?page_id=609"},"modified":"2016-08-04T12:22:23","modified_gmt":"2016-08-04T12:22:23","slug":"le-mysticisme-du-son","status":"publish","type":"page","link":"https:\/\/gurdjieff-dances.com\/fra\/articles-et-interviews\/le-mysticisme-du-son\/","title":{"rendered":"Le mysticisme du son"},"content":{"rendered":"<p>L\u2019int\u00e9riorit\u00e9, partie essentielle de chaque \u00eatre, se compose de vibrations subtiles, et la partie ext\u00e9rieure de l\u2019\u00eatre est faite de ce qui est plus dense. Le plus subtil nous l\u2019appelons l\u2019esprit, et le plus dense nous disons que c\u2019est la mati\u00e8re ; l\u2019esprit \u00e9tant moins sujet au changement et \u00e0 la destruction, tandis que la mati\u00e8re l\u2019est davantage.<br \/>\nTout ce qui vit est esprit et tout ce qui meurt est mati\u00e8re ; \u00e9galement, tout ce qui meurt dans l\u2019esprit est mati\u00e8re et tout ce qui vit dans la mati\u00e8re est esprit.<br \/>\nTout ce qui est visible et perceptible semble vivant, bien que soumis \u00e0 la mort et \u00e0 la d\u00e9composition, devenant \u00e0 chaque instant dissous dans son \u00e9l\u00e9ment le plus fin ; cependant la vue de l\u2019homme est tant victime d\u2019illusions, en raison de son int\u00earet envers le monde apparent, que l\u2019esprit est recouvert du costume de la mati\u00e8re et son v\u00e9ritable \u00eatre reste cach\u00e9. L\u2019amplification graduelle de l\u2019activit\u00e9 est cause de la mat\u00e9rialisation des vibrations, et c\u2019est la diminution graduelle de celle-ci qui les transmute \u00e0 nouveau en esprit.<br \/>\nINAYAT KHAN \u00ab Le mysticisme du son \u00bb<\/p>\n","protected":false},"excerpt":{"rendered":"<p>L\u2019int\u00e9riorit\u00e9, partie essentielle de chaque \u00eatre, se compose de vibrations subtiles, et la partie ext\u00e9rieure de l\u2019\u00eatre est faite de ce qui est plus dense. Le plus subtil nous l\u2019appelons l\u2019esprit, et le plus dense nous disons que c\u2019est la mati\u00e8re ; l\u2019esprit \u00e9tant moins sujet au changement et \u00e0 la destruction, tandis que la [&hellip;]<\/p>\n","protected":false},"author":1,"featured_media":0,"parent":598,"menu_order":0,"comment_status":"closed","ping_status":"closed","template":"","meta":{"footnotes":""},"_links":{"self":[{"href":"https:\/\/gurdjieff-dances.com\/fra\/wp-json\/wp\/v2\/pages\/609"}],"collection":[{"href":"https:\/\/gurdjieff-dances.com\/fra\/wp-json\/wp\/v2\/pages"}],"about":[{"href":"https:\/\/gurdjieff-dances.com\/fra\/wp-json\/wp\/v2\/types\/page"}],"author":[{"embeddable":true,"href":"https:\/\/gurdjieff-dances.com\/fra\/wp-json\/wp\/v2\/users\/1"}],"replies":[{"embeddable":true,"href":"https:\/\/gurdjieff-dances.com\/fra\/wp-json\/wp\/v2\/comments?post=609"}],"version-history":[{"count":1,"href":"https:\/\/gurdjieff-dances.com\/fra\/wp-json\/wp\/v2\/pages\/609\/revisions"}],"predecessor-version":[{"id":610,"href":"https:\/\/gurdjieff-dances.com\/fra\/wp-json\/wp\/v2\/pages\/609\/revisions\/610"}],"up":[{"embeddable":true,"href":"https:\/\/gurdjieff-dances.com\/fra\/wp-json\/wp\/v2\/pages\/598"}],"wp:attachment":[{"href":"https:\/\/gurdjieff-dances.com\/fra\/wp-json\/wp\/v2\/media?parent=609"}],"curies":[{"name":"wp","href":"https:\/\/api.w.org\/{rel}","templated":true}]}}