{"id":598,"date":"2016-08-04T12:02:35","date_gmt":"2016-08-04T12:02:35","guid":{"rendered":"http:\/\/gurdjieff-dances.com\/fra\/?page_id=598"},"modified":"2016-08-04T12:20:53","modified_gmt":"2016-08-04T12:20:53","slug":"articles-et-interviews","status":"publish","type":"page","link":"https:\/\/gurdjieff-dances.com\/fra\/articles-et-interviews\/","title":{"rendered":"ARTICLES ET INTERVIEWS"},"content":{"rendered":"<p><a href=\"http:\/\/gurdjieff-dances.com\/fra\/articles-et-interviews\/commentaires-des-participants\/\">COMMENTAIRES DES PARTICIPANTS<\/a><\/p>\n<p><a href=\"http:\/\/gurdjieff-dances.com\/fra\/articles-et-interviews\/amiyo-nous-parle-de-lune\/\">Amiyo nous parle de l\u2019une de ses plus belles histoires d\u2019amour<\/a><\/p>\n<p><a href=\"http:\/\/gurdjieff-dances.com\/fra\/articles-et-interviews\/au-masculin-et-au-feminin\/\">Au masculin et au f\u00e9minin<\/a><\/p>\n<p><a href=\"http:\/\/gurdjieff-dances.com\/fra\/articles-et-interviews\/les-trois-sortes-dattention\/\">Les trois sortes d\u2019attention<\/a><\/p>\n<p><a href=\"http:\/\/gurdjieff-dances.com\/fra\/articles-et-interviews\/le-mysticisme-du-son\/\">Le mysticisme du son<\/a><\/p>\n<p><a href=\"http:\/\/gurdjieff-dances.com\/fra\/articles-et-interviews\/mon-experience\/\">Mon exp\u00e9rience<\/a><\/p>\n<p><a href=\"http:\/\/gurdjieff-dances.com\/fra\/articles-et-interviews\/en-groupe\/\">En groupe<\/a><\/p>\n<p><a href=\"http:\/\/gurdjieff-dances.com\/fra\/articles-et-interviews\/un-coeur-sans-limites\/\">Un c\u0153ur sans limites<\/a><\/p>\n<p><a href=\"http:\/\/gurdjieff-dances.com\/fra\/articles-et-interviews\/gsd-pour-les-acteurs\/\">GSD pour les acteurs<\/a><\/p>\n<p><a href=\"http:\/\/gurdjieff-dances.com\/fra\/articles-et-interviews\/derriere-le-mouvement-visible\/\">Derri\u00e8re le mouvement visible&#8230;<\/a><\/p>\n","protected":false},"excerpt":{"rendered":"<p>COMMENTAIRES DES PARTICIPANTS Amiyo nous parle de l\u2019une de ses plus belles histoires d\u2019amour Au masculin et au f\u00e9minin Les trois sortes d\u2019attention Le mysticisme du son Mon exp\u00e9rience En groupe Un c\u0153ur sans limites GSD pour les acteurs Derri\u00e8re le mouvement visible&#8230;<\/p>\n","protected":false},"author":1,"featured_media":0,"parent":0,"menu_order":0,"comment_status":"closed","ping_status":"closed","template":"","meta":{"footnotes":""},"_links":{"self":[{"href":"https:\/\/gurdjieff-dances.com\/fra\/wp-json\/wp\/v2\/pages\/598"}],"collection":[{"href":"https:\/\/gurdjieff-dances.com\/fra\/wp-json\/wp\/v2\/pages"}],"about":[{"href":"https:\/\/gurdjieff-dances.com\/fra\/wp-json\/wp\/v2\/types\/page"}],"author":[{"embeddable":true,"href":"https:\/\/gurdjieff-dances.com\/fra\/wp-json\/wp\/v2\/users\/1"}],"replies":[{"embeddable":true,"href":"https:\/\/gurdjieff-dances.com\/fra\/wp-json\/wp\/v2\/comments?post=598"}],"version-history":[{"count":3,"href":"https:\/\/gurdjieff-dances.com\/fra\/wp-json\/wp\/v2\/pages\/598\/revisions"}],"predecessor-version":[{"id":623,"href":"https:\/\/gurdjieff-dances.com\/fra\/wp-json\/wp\/v2\/pages\/598\/revisions\/623"}],"wp:attachment":[{"href":"https:\/\/gurdjieff-dances.com\/fra\/wp-json\/wp\/v2\/media?parent=598"}],"curies":[{"name":"wp","href":"https:\/\/api.w.org\/{rel}","templated":true}]}}