{"id":278,"date":"2015-11-18T00:48:25","date_gmt":"2015-11-18T00:48:25","guid":{"rendered":"http:\/\/gurdjieff-dances.com\/fra\/?page_id=278"},"modified":"2016-01-12T09:45:29","modified_gmt":"2016-01-12T09:45:29","slug":"who-is-gurdjieff","status":"publish","type":"page","link":"https:\/\/gurdjieff-dances.com\/fra\/the-process\/who-is-gurdjieff\/","title":{"rendered":"Qui est Gurdjieff ?"},"content":{"rendered":"<p><a href=\"http:\/\/gurdjieff-dances.com\/fra\/wp-content\/uploads\/2015\/11\/gurdjieff-intence.jpg\"><img loading=\"lazy\" decoding=\"async\" class=\"alignleft wp-image-296\" src=\"http:\/\/gurdjieff-dances.com\/fra\/wp-content\/uploads\/2015\/11\/gurdjieff-intence.jpg\" alt=\"gurdjieff intence\" width=\"200\" height=\"147\" srcset=\"https:\/\/gurdjieff-dances.com\/fra\/wp-content\/uploads\/2015\/11\/gurdjieff-intence.jpg 350w, https:\/\/gurdjieff-dances.com\/fra\/wp-content\/uploads\/2015\/11\/gurdjieff-intence-300x220.jpg 300w\" sizes=\"(max-width: 200px) 100vw, 200px\" \/><\/a>Qui est Gurdjieff et quelle est l\u2019origine des danses ?<\/p>\n<p>G.I. GURDJIEFF \u00e9tait un ma\u00eetre spirituel. Durant sa jeunesse, il grandit dans un entrecroisement culturel entre ces pays : la Turquie, la Russie, l\u2019Arm\u00e9nie et la Gr\u00e8ce. Il fut expos\u00e9 \u00e0 une grande vari\u00e9t\u00e9 d\u2019influences, ce qui lui ouvrit l\u2019esprit. Il d\u00e9veloppa le besoin pressant de trouver les r\u00e9ponses \u00e0 ces questions : \u00ab Quel est le but de la vie sur terre ? \u00bb et \u00ab Qui suis-je ? \u00bb&#8230; \u00c0 l\u2019\u00e2ge de vingt ans, il s\u2019embarqua dans une qu\u00eate spirituelle qui dura une vingtaine d\u2019ann\u00e9es, qui l\u2019amena dans des exp\u00e9ditions impressionnantes dans les pays de la m\u00e9diterran\u00e9e orientale, en \u00c9gypte, en Afghanistan, en Turquie, en Asie Centrale, en Inde, au Tibet et dans le D\u00e9sert de Gobi.<\/p>\n<p><img loading=\"lazy\" decoding=\"async\" class=\"alignright size-full wp-image-297\" src=\"http:\/\/gurdjieff-dances.com\/fra\/wp-content\/uploads\/2015\/11\/caucasus_cntrl_asia.jpg\" alt=\"caucasus_cntrl_asia\" width=\"350\" height=\"261\" srcset=\"https:\/\/gurdjieff-dances.com\/fra\/wp-content\/uploads\/2015\/11\/caucasus_cntrl_asia.jpg 350w, https:\/\/gurdjieff-dances.com\/fra\/wp-content\/uploads\/2015\/11\/caucasus_cntrl_asia-300x224.jpg 300w\" sizes=\"(max-width: 350px) 100vw, 350px\" \/><br \/>\nIl d\u00e9couvrit que beaucoup de la sagesse universelle, issue des traditions anciennes, \u00e9tait transmise par la musique et la danse. Dans les temples, les monast\u00e8res et les \u00e9coles particuli\u00e8res qu\u2019il visita, les danses consistaient en une vari\u00e9t\u00e9 de mouvements et de positions similaires \u00e0 l\u2019alphabet, et pouvant \u00eatre d\u00e9chiffr\u00e9es comme des livres, par ceux qui pouvaient les interpr\u00e9ter. Et donc le soir, quand les pr\u00eatres et les pr\u00eatresses dansaient dans le hall du temple, on pouvait lire dans ces postures les v\u00e9rit\u00e9s qui furent implant\u00e9es en elles, il y a plusieurs milliers d\u2019ann\u00e9es et qui furent transmises de g\u00e9n\u00e9ration en g\u00e9n\u00e9ration&#8230;.<\/p>\n<p><a href=\"http:\/\/gurdjieff-dances.com\/fra\/wp-content\/uploads\/2015\/11\/gurdjieff-nice.jpg\"><img loading=\"lazy\" decoding=\"async\" class=\"alignright wp-image-298\" src=\"http:\/\/gurdjieff-dances.com\/fra\/wp-content\/uploads\/2015\/11\/gurdjieff-nice.jpg\" alt=\"gurdjieff nice\" width=\"200\" height=\"147\" srcset=\"https:\/\/gurdjieff-dances.com\/fra\/wp-content\/uploads\/2015\/11\/gurdjieff-nice.jpg 400w, https:\/\/gurdjieff-dances.com\/fra\/wp-content\/uploads\/2015\/11\/gurdjieff-nice-300x220.jpg 300w\" sizes=\"(max-width: 200px) 100vw, 200px\" \/><\/a><br \/>\nEn 1912 Gurdjieff retourna en Russie et d\u00e9voua sa vie au partage de ce qu\u2019il avait appris. Il rendit la tradition contemporaine. Tout l\u2019enseignement de Gurdjieff est tr\u00e8s pratique ; il proclama fermement l\u2019importance du corps et du travail physique dans la transmission de son enseignement. Une grande partie de son enseignement consiste dans les \u00ab Danses sacr\u00e9es \u00bb ou les \u00ab Mouvements sacr\u00e9s \u00bb ou les \u00ab Gymnastiques sacr\u00e9es \u00bb, qu\u2019il adapta ou cr\u00e9a pour l\u2019homme moderne ou dont il fit lui-m\u00eame la chor\u00e9graphie. En collaboration avec De Hartmann, il cr\u00e9a \u00e9galement la musique des mouvements&#8230;<\/p>\n","protected":false},"excerpt":{"rendered":"<p>Qui est Gurdjieff et quelle est l\u2019origine des danses ? G.I. GURDJIEFF \u00e9tait un ma\u00eetre spirituel. Durant sa jeunesse, il grandit dans un entrecroisement culturel entre ces pays : la Turquie, la Russie, l\u2019Arm\u00e9nie et la Gr\u00e8ce. Il fut expos\u00e9 \u00e0 une grande vari\u00e9t\u00e9 d\u2019influences, ce qui lui ouvrit l\u2019esprit. Il d\u00e9veloppa le besoin pressant [&hellip;]<\/p>\n","protected":false},"author":1,"featured_media":0,"parent":239,"menu_order":0,"comment_status":"closed","ping_status":"closed","template":"","meta":{"footnotes":""},"_links":{"self":[{"href":"https:\/\/gurdjieff-dances.com\/fra\/wp-json\/wp\/v2\/pages\/278"}],"collection":[{"href":"https:\/\/gurdjieff-dances.com\/fra\/wp-json\/wp\/v2\/pages"}],"about":[{"href":"https:\/\/gurdjieff-dances.com\/fra\/wp-json\/wp\/v2\/types\/page"}],"author":[{"embeddable":true,"href":"https:\/\/gurdjieff-dances.com\/fra\/wp-json\/wp\/v2\/users\/1"}],"replies":[{"embeddable":true,"href":"https:\/\/gurdjieff-dances.com\/fra\/wp-json\/wp\/v2\/comments?post=278"}],"version-history":[{"count":6,"href":"https:\/\/gurdjieff-dances.com\/fra\/wp-json\/wp\/v2\/pages\/278\/revisions"}],"predecessor-version":[{"id":529,"href":"https:\/\/gurdjieff-dances.com\/fra\/wp-json\/wp\/v2\/pages\/278\/revisions\/529"}],"up":[{"embeddable":true,"href":"https:\/\/gurdjieff-dances.com\/fra\/wp-json\/wp\/v2\/pages\/239"}],"wp:attachment":[{"href":"https:\/\/gurdjieff-dances.com\/fra\/wp-json\/wp\/v2\/media?parent=278"}],"curies":[{"name":"wp","href":"https:\/\/api.w.org\/{rel}","templated":true}]}}