{"id":276,"date":"2015-11-18T00:47:47","date_gmt":"2015-11-18T00:47:47","guid":{"rendered":"http:\/\/gurdjieff-dances.com\/fra\/?page_id=276"},"modified":"2016-03-02T17:39:12","modified_gmt":"2016-03-02T17:39:12","slug":"content-of-seminars","status":"publish","type":"page","link":"https:\/\/gurdjieff-dances.com\/fra\/the-process\/content-of-seminars\/","title":{"rendered":"Le contenu des s\u00e9minaires"},"content":{"rendered":"<p style=\"text-align: center;\">Une pratique intensive des mouvements et des danses venant des traditions soufies, bouddhistes tib\u00e9taines, \u00e9sot\u00e9riques chr\u00e9tiennes et pythagoriciennes, ainsi que les danses con\u00e7ues par Gurdjieff lui-m\u00eame. Et ceci sur la musique cr\u00e9\u00e9e par M. Gurdjieff et M. de Hartmann pour les mouvements.<\/p>\n<p style=\"text-align: center;\">Chaque pratique d\u2019une forme ext\u00e9rieure progresse<br \/>\navec un travail int\u00e9rieur particulier.<\/p>\n<p style=\"text-align: center;\">*<\/p>\n<p style=\"text-align: center;\"><strong> L\u2019\u00e9tude des mouvements de Gurdjieff en tant que fragments<br \/>\nd\u2019un plus vaste contexte :<br \/>\n<\/strong> les enseignements de M. Gurdjieff<\/p>\n<p style=\"text-align: center;\">*<\/p>\n<p style=\"text-align: center;\"><strong>Exploration des mouvements en tant que science,<\/strong><br \/>\nleurs effets sur les trois plans : physique, \u00e9motionnel et intellectuel et, leurs effets \u00e9nerg\u00e9tiques en connexion avec les m\u00e9ridiens et les chakras du corps.<\/p>\n<p style=\"text-align: center;\"><strong>Exploration de la science des vibrations et de la voix<\/strong><\/p>\n<p style=\"text-align: center;\">*<\/p>\n<p style=\"text-align: center;\"><strong>Des exercices de centrage int\u00e9rieur:<\/strong><br \/>\nces exercices nous aident \u00e0 cr\u00e9er un espace int\u00e9rieur appropri\u00e9<br \/>\npour la pratique de l\u2019auto observation et du mouvement,<br \/>\npermettant de d\u00e9velopper de l\u2019attention et une perception plus subtile.<\/p>\n<p style=\"text-align: center;\">*<\/p>\n<p style=\"text-align: center;\"><strong>Les techniques de m\u00e9ditation et les \u00ab assises \u00bb ou \u00ab s\u00e9ances \u00bb : <\/strong><br \/>\nsont issues de diff\u00e9rentes traditions. Elles nous aident \u00e0 nous harmoniser \u00e0 l\u2019art de l\u2019immobilit\u00e9 int\u00e9rieure et ext\u00e9rieure, conditions essentielles pour nous observer nous-m\u00eames.<\/p>\n<p style=\"text-align: center;\">*<br \/>\n<strong>Danse libre, expressions cr\u00e9atives du corps,<br \/>\njeux rythmiques et relationnels, comme support pour le th\u00e8me int\u00e9rieur.<\/strong><\/p>\n<p style=\"text-align: center;\">*<\/p>\n<p style=\"text-align: center;\"><strong>Lectures de M. Gurdjieff, Osho, Bennett, Hazrat Inayat Khan et Mme de Salzmann.<\/strong><\/p>\n<p style=\"text-align: center;\">*<\/p>\n<p style=\"text-align: center;\"><strong>Dialogue et partage dans une atmosph\u00e8re respectueuse et aimante,<\/strong><br \/>\nnous encourageant \u00e0 comprendre \u00e0 travers l\u2019expression orale<br \/>\nles messages vivants r\u00e9v\u00e9l\u00e9s par l\u2019exp\u00e9rience des mouvements.<\/p>\n<hr \/>\n<p style=\"text-align: center;\"><em>Ces pratiques soutiennent l\u2019auto observation, la non-identification et la qu\u00eate d\u2019une conscience \u00e9veill\u00e9e lib\u00e9r\u00e9e du conditionnement.<\/em><\/p>\n<p style=\"text-align: center;\">Le programme est int\u00e9gr\u00e9 dans un encadrement th\u00e9orique et pratique rendant possible l\u2019int\u00e9gration de l\u2019exp\u00e9rience et des th\u00eames d\u2019\u00e9tude<\/p>\n","protected":false},"excerpt":{"rendered":"<p>Une pratique intensive des mouvements et des danses venant des traditions soufies, bouddhistes tib\u00e9taines, \u00e9sot\u00e9riques chr\u00e9tiennes et pythagoriciennes, ainsi que les danses con\u00e7ues par Gurdjieff lui-m\u00eame. Et ceci sur la musique cr\u00e9\u00e9e par M. Gurdjieff et M. de Hartmann pour les mouvements. Chaque pratique d\u2019une forme ext\u00e9rieure progresse avec un travail int\u00e9rieur particulier. * L\u2019\u00e9tude [&hellip;]<\/p>\n","protected":false},"author":1,"featured_media":0,"parent":239,"menu_order":0,"comment_status":"closed","ping_status":"closed","template":"","meta":{"footnotes":""},"_links":{"self":[{"href":"https:\/\/gurdjieff-dances.com\/fra\/wp-json\/wp\/v2\/pages\/276"}],"collection":[{"href":"https:\/\/gurdjieff-dances.com\/fra\/wp-json\/wp\/v2\/pages"}],"about":[{"href":"https:\/\/gurdjieff-dances.com\/fra\/wp-json\/wp\/v2\/types\/page"}],"author":[{"embeddable":true,"href":"https:\/\/gurdjieff-dances.com\/fra\/wp-json\/wp\/v2\/users\/1"}],"replies":[{"embeddable":true,"href":"https:\/\/gurdjieff-dances.com\/fra\/wp-json\/wp\/v2\/comments?post=276"}],"version-history":[{"count":8,"href":"https:\/\/gurdjieff-dances.com\/fra\/wp-json\/wp\/v2\/pages\/276\/revisions"}],"predecessor-version":[{"id":552,"href":"https:\/\/gurdjieff-dances.com\/fra\/wp-json\/wp\/v2\/pages\/276\/revisions\/552"}],"up":[{"embeddable":true,"href":"https:\/\/gurdjieff-dances.com\/fra\/wp-json\/wp\/v2\/pages\/239"}],"wp:attachment":[{"href":"https:\/\/gurdjieff-dances.com\/fra\/wp-json\/wp\/v2\/media?parent=276"}],"curies":[{"name":"wp","href":"https:\/\/api.w.org\/{rel}","templated":true}]}}