{"id":272,"date":"2015-11-18T00:43:58","date_gmt":"2015-11-18T00:43:58","guid":{"rendered":"http:\/\/gurdjieff-dances.com\/fra\/?page_id=272"},"modified":"2020-11-07T05:02:22","modified_gmt":"2020-11-07T05:02:22","slug":"why-do-movements","status":"publish","type":"page","link":"https:\/\/gurdjieff-dances.com\/fra\/the-process\/why-do-movements\/","title":{"rendered":"Pourquoi pratiquer les Mouvements de Gurdjieff?"},"content":{"rendered":"<p><img loading=\"lazy\" decoding=\"async\" class=\"size-full wp-image-291 aligncenter\" src=\"http:\/\/gurdjieff-dances.com\/fra\/wp-content\/uploads\/2015\/11\/mvt-5-3.jpg\" alt=\"http:\/\/www.gurdjieff-dances.com\" width=\"400\" height=\"300\" srcset=\"https:\/\/gurdjieff-dances.com\/fra\/wp-content\/uploads\/2015\/11\/mvt-5-3.jpg 400w, https:\/\/gurdjieff-dances.com\/fra\/wp-content\/uploads\/2015\/11\/mvt-5-3-300x225.jpg 300w\" sizes=\"(max-width: 400px) 100vw, 400px\" \/><\/p>\n<p style=\"text-align: center;\">Pour un contact r\u00e9ellement profond avec tout notre corps&#8230;<\/p>\n<p style=\"text-align: center;\">Pour une connexion plus vraie et plus essentielle avec les autres, audel\u00e0 de la personnalit\u00e9,<br \/>\nune communion de pr\u00e9sences&#8230;<\/p>\n<p style=\"text-align: center;\">Pour renforcer notre centre, un refuge antistress, apprendre \u00e0 nous<\/p>\n<p style=\"text-align: center;\">souvenir de nous-m\u00eames tout en \u00e9tant actif&#8230;<\/p>\n<p style=\"text-align: center;\">Pour l\u2019instauration de nouvelles connexions neurologiques entre<\/p>\n<p style=\"text-align: center;\">l\u2019h\u00e9misph\u00e8re droit et l\u2019h\u00e9misph\u00e8re gauche du cerveau&#8230;<\/p>\n<p style=\"text-align: center;\">Pour trouver un \u00e9quilibre entre les polarit\u00e9s f\u00e9minine et masculine \u00e0<\/p>\n<p style=\"text-align: center;\">l\u2019int\u00e9rieur de nous, entre le guerrier et l\u2019amoureux&#8230;<\/p>\n<p style=\"text-align: center;\">Pour transcender les limites sur les trois niveaux : physique, \u00e9motionnel,<\/p>\n<p style=\"text-align: center;\">intellectuel et, par cons\u00e9quent, restaurer le respect int\u00e9rieur et la dignit\u00e9&#8230;<\/p>\n<p style=\"text-align: center;\">Pour d\u00e9velopper trois centres dont les vibrations sont en harmonie entre elles&#8230;<\/p>\n<p style=\"text-align: center;\">Pour \u00eatre capable d\u2019AGIR<\/p>\n<p style=\"text-align: center;\">Pour s\u2019ouvrir \u00e0 une qualit\u00e9 de pr\u00e9sence sup\u00e9rieure et une \u00e9nergie plus \u00e9lev\u00e9e&#8230;<\/p>\n<p style=\"text-align: center;\">Pour amener davantage d\u2019\u00e9nergie consciente \u00e0 notre plan\u00e8te&#8230;<\/p>\n<p style=\"text-align: center;\">Pour cr\u00e9er de la distance avec nos \u00e9motions, et en m\u00eame temps, vivre<\/p>\n<p style=\"text-align: center;\">passionn\u00e9ment et avec totalit\u00e9&#8230;<\/p>\n<p style=\"text-align: center;\">Pour faire face au conflit entre \u00ab je dois \u00bb et \u00ab je ne peux pas \u00bb&#8230;<\/p>\n<p style=\"text-align: center;\">Pour nous pardonner nos erreurs et apprendre d\u2019elles avec cr\u00e9ativit\u00e9&#8230;<\/p>\n<p style=\"text-align: center;\">Pour la joie et la paix que cela procure<\/p>\n<p><img loading=\"lazy\" decoding=\"async\" class=\"aligncenter size-full wp-image-292\" src=\"http:\/\/gurdjieff-dances.com\/fra\/wp-content\/uploads\/2015\/11\/p1010136.jpg\" alt=\"p1010136\" width=\"350\" height=\"263\" srcset=\"https:\/\/gurdjieff-dances.com\/fra\/wp-content\/uploads\/2015\/11\/p1010136.jpg 350w, https:\/\/gurdjieff-dances.com\/fra\/wp-content\/uploads\/2015\/11\/p1010136-300x225.jpg 300w\" sizes=\"(max-width: 350px) 100vw, 350px\" \/><\/p>\n","protected":false},"excerpt":{"rendered":"<p>Pour un contact r\u00e9ellement profond avec tout notre corps&#8230; Pour une connexion plus vraie et plus essentielle avec les autres, audel\u00e0 de la personnalit\u00e9, une communion de pr\u00e9sences&#8230; Pour renforcer notre centre, un refuge antistress, apprendre \u00e0 nous souvenir de nous-m\u00eames tout en \u00e9tant actif&#8230; Pour l\u2019instauration de nouvelles connexions neurologiques entre l\u2019h\u00e9misph\u00e8re droit et [&hellip;]<\/p>\n","protected":false},"author":1,"featured_media":0,"parent":239,"menu_order":0,"comment_status":"closed","ping_status":"closed","template":"","meta":{"footnotes":""},"_links":{"self":[{"href":"https:\/\/gurdjieff-dances.com\/fra\/wp-json\/wp\/v2\/pages\/272"}],"collection":[{"href":"https:\/\/gurdjieff-dances.com\/fra\/wp-json\/wp\/v2\/pages"}],"about":[{"href":"https:\/\/gurdjieff-dances.com\/fra\/wp-json\/wp\/v2\/types\/page"}],"author":[{"embeddable":true,"href":"https:\/\/gurdjieff-dances.com\/fra\/wp-json\/wp\/v2\/users\/1"}],"replies":[{"embeddable":true,"href":"https:\/\/gurdjieff-dances.com\/fra\/wp-json\/wp\/v2\/comments?post=272"}],"version-history":[{"count":9,"href":"https:\/\/gurdjieff-dances.com\/fra\/wp-json\/wp\/v2\/pages\/272\/revisions"}],"predecessor-version":[{"id":16352,"href":"https:\/\/gurdjieff-dances.com\/fra\/wp-json\/wp\/v2\/pages\/272\/revisions\/16352"}],"up":[{"embeddable":true,"href":"https:\/\/gurdjieff-dances.com\/fra\/wp-json\/wp\/v2\/pages\/239"}],"wp:attachment":[{"href":"https:\/\/gurdjieff-dances.com\/fra\/wp-json\/wp\/v2\/media?parent=272"}],"curies":[{"name":"wp","href":"https:\/\/api.w.org\/{rel}","templated":true}]}}