{"id":243,"date":"2015-11-17T20:43:41","date_gmt":"2015-11-17T20:43:41","guid":{"rendered":"http:\/\/gurdjieff-dances.com\/fra\/?page_id=243"},"modified":"2017-07-14T13:13:31","modified_gmt":"2017-07-14T13:13:31","slug":"amiyo-devienne","status":"publish","type":"page","link":"https:\/\/gurdjieff-dances.com\/fra\/amiyo-devienne\/","title":{"rendered":"Amiyo Devienne"},"content":{"rendered":"<p><a href=\"http:\/\/gurdjieff-dances.com\/fra\/wp-content\/uploads\/2015\/11\/Amiyo-smile.jpg\"><img loading=\"lazy\" decoding=\"async\" class=\"alignleft wp-image-467 size-medium\" src=\"http:\/\/gurdjieff-dances.com\/fra\/wp-content\/uploads\/2015\/11\/Amiyo-smile-249x300.jpg\" alt=\"Amiyo + smile\" width=\"249\" height=\"300\" srcset=\"https:\/\/gurdjieff-dances.com\/fra\/wp-content\/uploads\/2015\/11\/Amiyo-smile-249x300.jpg 249w, https:\/\/gurdjieff-dances.com\/fra\/wp-content\/uploads\/2015\/11\/Amiyo-smile-424x510.jpg 424w, https:\/\/gurdjieff-dances.com\/fra\/wp-content\/uploads\/2015\/11\/Amiyo-smile.jpg 548w\" sizes=\"(max-width: 249px) 100vw, 249px\" \/><\/a>Initialement, Amiyo Devienne est \u00e0 la fois danseuse, chor\u00e9graphe, professeur de danse et danse th\u00e9rapeute, form\u00e9e en diverses techniques psychocorporelles : \u00e0 l\u2019Institut Esalen (USA), en danse africaine \u00e0 Douala (Cameroun), en danse contemporaine en France. Ensuite, Amiyo a \u00e9tudi\u00e9 les mouvements de Gurdjieff avec Avrom Altmann, lui-m\u00eame \u00e9tudiant direct de John G. Bennett.<\/p>\n<p>Amiyo a v\u00e9cu de nombreuses ann\u00e9es en Inde, dans la communaut\u00e9 internationale d\u2019Osho, dans laquelle elle cr\u00e9a une unique synth\u00e8se entre les visions orientales et occidentales de la danse, et o\u00f9 elle apprit l\u2019observation dans l\u2019immobilit\u00e9 de la m\u00e9ditation.<\/p>\n<p>Depuis une trentaine d\u2019ann\u00e9es, elle voyage dans le monde entier, partageant son exp\u00e9rience des Mouvements, en tant que science, en tant qu\u2019art, en tant qu\u2019outil d\u00e9veloppement int\u00e9rieur \u2014 d\u00e9veloppement \u00e0 la fois pour amateurs et professionnels. En 2002 elle enseigna \u00e0 l\u2019institut Carolyn Carlson \u00ab Accademia Isola Danza \u00bb. De nos jours, Amiyo offre de nombreux s\u00e9minaires, internationalement : en France ; en Allemagne \u00e0 Munich, Bielefeld et Cologne ; en Inde \u00e0 New Delhi et Dharamsala ; en Ukraine ; \u00e0 Moscou et St Petersbourg ; aux \u00c9tats unis \u00e0 Boulder (Colorado), au Japon, et bien sur en France a Paris et en Franche-Comt\u00e9.<\/p>\n<p>En tant que chor\u00e9graphe, elle cr\u00e9a et dirigea plus de cinquante performances publiques, dont les mouvements de Gurdjieff pour une bonne trentaine.<\/p>\n<h3>Chetan Greenberg<\/h3>\n<p><a href=\"http:\/\/gurdjieff-dances.com\/fra\/wp-content\/uploads\/2015\/11\/DSC00290.jpg\"><img loading=\"lazy\" decoding=\"async\" class=\"alignright wp-image-468 size-medium\" src=\"http:\/\/gurdjieff-dances.com\/fra\/wp-content\/uploads\/2015\/11\/DSC00290-300x225.jpg\" alt=\"Chetan in Bhagsu\" width=\"300\" height=\"225\" srcset=\"https:\/\/gurdjieff-dances.com\/fra\/wp-content\/uploads\/2015\/11\/DSC00290-300x225.jpg 300w, https:\/\/gurdjieff-dances.com\/fra\/wp-content\/uploads\/2015\/11\/DSC00290-510x383.jpg 510w, https:\/\/gurdjieff-dances.com\/fra\/wp-content\/uploads\/2015\/11\/DSC00290.jpg 640w\" sizes=\"(max-width: 300px) 100vw, 300px\" \/><\/a>Depuis 1997 Chetan est profond\u00e9ment impliqu\u00e9, aux c\u00f4t\u00e9s d\u2019Amiyo, dans la pratique et l\u2019enseignement des Mouvements, au cours des s\u00e9minaires, des formations et des d\u00e9monstrations publiques.<br \/>\nMusicien professionnel talentueux, il contribue par ses talents \u00e0 offrir une compr\u00e9hension plus approfondie de la musique, des rythmes, de la voix et de la science des vibrations.<\/p>\n","protected":false},"excerpt":{"rendered":"<p>Initialement, Amiyo Devienne est \u00e0 la fois danseuse, chor\u00e9graphe, professeur de danse et danse th\u00e9rapeute, form\u00e9e en diverses techniques psychocorporelles : \u00e0 l\u2019Institut Esalen (USA), en danse africaine \u00e0 Douala (Cameroun), en danse contemporaine en France. Ensuite, Amiyo a \u00e9tudi\u00e9 les mouvements de Gurdjieff avec Avrom Altmann, lui-m\u00eame \u00e9tudiant direct de John G. Bennett. Amiyo [&hellip;]<\/p>\n","protected":false},"author":1,"featured_media":0,"parent":0,"menu_order":0,"comment_status":"closed","ping_status":"closed","template":"","meta":{"footnotes":""},"_links":{"self":[{"href":"https:\/\/gurdjieff-dances.com\/fra\/wp-json\/wp\/v2\/pages\/243"}],"collection":[{"href":"https:\/\/gurdjieff-dances.com\/fra\/wp-json\/wp\/v2\/pages"}],"about":[{"href":"https:\/\/gurdjieff-dances.com\/fra\/wp-json\/wp\/v2\/types\/page"}],"author":[{"embeddable":true,"href":"https:\/\/gurdjieff-dances.com\/fra\/wp-json\/wp\/v2\/users\/1"}],"replies":[{"embeddable":true,"href":"https:\/\/gurdjieff-dances.com\/fra\/wp-json\/wp\/v2\/comments?post=243"}],"version-history":[{"count":9,"href":"https:\/\/gurdjieff-dances.com\/fra\/wp-json\/wp\/v2\/pages\/243\/revisions"}],"predecessor-version":[{"id":687,"href":"https:\/\/gurdjieff-dances.com\/fra\/wp-json\/wp\/v2\/pages\/243\/revisions\/687"}],"wp:attachment":[{"href":"https:\/\/gurdjieff-dances.com\/fra\/wp-json\/wp\/v2\/media?parent=243"}],"curies":[{"name":"wp","href":"https:\/\/api.w.org\/{rel}","templated":true}]}}