{"id":239,"date":"2015-11-17T20:41:27","date_gmt":"2015-11-17T20:41:27","guid":{"rendered":"http:\/\/gurdjieff-dances.com\/fra\/?page_id=239"},"modified":"2016-01-12T09:38:07","modified_gmt":"2016-01-12T09:38:07","slug":"the-process","status":"publish","type":"page","link":"https:\/\/gurdjieff-dances.com\/fra\/the-process\/","title":{"rendered":"Le processus"},"content":{"rendered":"<div id=\"friendLinks\" align=\"left\">\n<ul style=\"list-style-type: circle;\">\n<li><a href=\"http:\/\/gurdjieff-dances.com\/fra\/the-process\/why-do-movements\/\">Pourquoi les mouvements de Gurdjieff?<\/a><\/li>\n<li><a href=\"http:\/\/gurdjieff-dances.com\/fra\/the-process\/content-of-seminars\/\">Le contenu des s\u00e9minaires<\/a><\/li>\n<li><a href=\"http:\/\/gurdjieff-dances.com\/fra\/the-process\/who-is-gurdjieff\/\">Qui est Gurdjieff ?<\/a><\/li>\n<li><a href=\"http:\/\/gurdjieff-dances.com\/fra\/the-process\/motionlessness-lies\/\">L\u2019immobilit\u00e9 se tient derri\u00e8re tout mouvement<\/a><\/li>\n<li><a href=\"http:\/\/gurdjieff-dances.com\/fra\/why-are-the-dances\/\">Pourquoi ces danses sont-elles appel\u00e9es sacr\u00e9es ?<\/a><\/li>\n<\/ul>\n<\/div>\n","protected":false},"excerpt":{"rendered":"<p>Pourquoi les mouvements de Gurdjieff? Le contenu des s\u00e9minaires Qui est Gurdjieff ? L\u2019immobilit\u00e9 se tient derri\u00e8re tout mouvement Pourquoi ces danses sont-elles appel\u00e9es sacr\u00e9es ?<\/p>\n","protected":false},"author":1,"featured_media":0,"parent":0,"menu_order":0,"comment_status":"closed","ping_status":"closed","template":"","meta":{"footnotes":""},"_links":{"self":[{"href":"https:\/\/gurdjieff-dances.com\/fra\/wp-json\/wp\/v2\/pages\/239"}],"collection":[{"href":"https:\/\/gurdjieff-dances.com\/fra\/wp-json\/wp\/v2\/pages"}],"about":[{"href":"https:\/\/gurdjieff-dances.com\/fra\/wp-json\/wp\/v2\/types\/page"}],"author":[{"embeddable":true,"href":"https:\/\/gurdjieff-dances.com\/fra\/wp-json\/wp\/v2\/users\/1"}],"replies":[{"embeddable":true,"href":"https:\/\/gurdjieff-dances.com\/fra\/wp-json\/wp\/v2\/comments?post=239"}],"version-history":[{"count":15,"href":"https:\/\/gurdjieff-dances.com\/fra\/wp-json\/wp\/v2\/pages\/239\/revisions"}],"predecessor-version":[{"id":525,"href":"https:\/\/gurdjieff-dances.com\/fra\/wp-json\/wp\/v2\/pages\/239\/revisions\/525"}],"wp:attachment":[{"href":"https:\/\/gurdjieff-dances.com\/fra\/wp-json\/wp\/v2\/media?parent=239"}],"curies":[{"name":"wp","href":"https:\/\/api.w.org\/{rel}","templated":true}]}}