{"id":230,"date":"2015-11-17T19:28:12","date_gmt":"2015-11-17T19:28:12","guid":{"rendered":"http:\/\/gurdjieff-dances.com\/fra\/?page_id=230"},"modified":"2024-02-02T17:43:00","modified_gmt":"2024-02-02T17:43:00","slug":"einfuhrung","status":"publish","type":"page","link":"https:\/\/gurdjieff-dances.com\/fra\/","title":{"rendered":"Introduction"},"content":{"rendered":"\n<p class=\"has-text-align-center\">\u00a0Qui est l\u2019h\u00f4te de ce corps de chair et d\u2019os ?<\/p>\n\n\n\n<p class=\"has-text-align-center\">Y a-t-il quelqu\u2019un \u00e0 l\u2019int\u00e9rieur ?<\/p>\n\n\n\n<p class=\"has-text-align-center\">Quelle est cette immensit\u00e9 confin\u00e9e dans les limites du corps ?<\/p>\n\n\n\n<p class=\"has-text-align-center\">Comment r\u00e9pondre \u00e0 notre aspiration nostalgique vers ce qu\u2019il y a de plus &#8220;\u00e9lev\u00e9&#8221;, vers le \u2018meilleur\u2019, et comment satisfaire la qu\u00eate de v\u00e9rit\u00e9 qui s\u2019empare parfois de notre \u00e2me ?<\/p>\n\n\n\n<p class=\"has-text-align-center\">Comment vivre le feu int\u00e9rieur plus passionn\u00e9ment ?<\/p>\n\n\n\n<p class=\"has-text-align-center\">Comment la pratique des mouvements de Gurdjieff s\u2019inscrit-elle dans notre vie quotidienne ?<\/p>\n\n\n\n<p class=\"has-text-align-center\">Ce voyage \u00e0 la d\u00e9couverte de soi est incroyablement pr\u00e9cieux&#8230;<\/p>\n\n\n<div class=\"wp-block-image\">\n<figure class=\"aligncenter\"><a href=\"http:\/\/gurdjieff-dances.com\/fra\/wp-content\/uploads\/2015\/10\/DSC01308.jpg\"><img loading=\"lazy\" decoding=\"async\" width=\"1024\" height=\"768\" src=\"http:\/\/gurdjieff-dances.com\/fra\/wp-content\/uploads\/2015\/10\/DSC01308-1024x768.jpg\" alt=\"Gurdjieff Movements - http:\/\/www.gurdjieff-dances.com\" class=\"wp-image-218\" srcset=\"https:\/\/gurdjieff-dances.com\/fra\/wp-content\/uploads\/2015\/10\/DSC01308.jpg 1024w, https:\/\/gurdjieff-dances.com\/fra\/wp-content\/uploads\/2015\/10\/DSC01308-300x225.jpg 300w\" sizes=\"(max-width: 1024px) 100vw, 1024px\" \/><\/a><figcaption class=\"wp-element-caption\"><em>\u00ab Ce que vous ne pouvez pas d\u00e9couvrir dans votre propre corps, vous ne le d\u00e9couvrirez nulle part ailleurs dans le monde&#8230; \u00bb<\/em><\/figcaption><\/figure><\/div>\n\n\n<p class=\"has-text-align-center\">Donn\u00e9s tr\u00e8s pr\u00e9cis\u00e9ment par Gurdjieff comme moyen de transformation tr\u00e8s puissant, la pratique des Mouvements offre des conditions exceptionnelles pour transformer le \u2018corps machine\u2019 en un espace dans lequel les forces de l\u2019intelligence, du c\u0153ur et celles de l\u2019action peuvent se d\u00e9velopper sans entraves gr\u00e2ce au d\u00e9veloppement d\u2019une certaine qualit\u00e9 d\u2019attention et de relaxation.<\/p>\n\n\n\n<p class=\"has-text-align-center\">Cela demande de sinc\u00e8res efforts, mais des efforts empreints de l\u00e9g\u00e8ret\u00e9&#8230; Nous ne pouvons pas nous envoler librement dans un ciel int\u00e9rieur charg\u00e9 du poids de notre s\u00e9rieux.<\/p>\n\n\n\n<p class=\"has-text-align-center\">\u00catre sinc\u00e8re a \u00e9t\u00e9 pris comme l\u2019\u00e9quivalent d\u2019\u00eatre s\u00e9rieux. Or \u00eatre s\u00e9rieux appartient \u00e0 l\u2019ego et conduit \u00e0 la fatuit\u00e9 tandis que la sinc\u00e9rit\u00e9 vient du c\u0153ur, c\u2019est une implication totale, c\u2019est une histoire d\u2019amour&#8230;.<\/p>\n\n\n\n<p class=\"has-text-align-center\">En nous impliquant totalement dans nos mouvements, dans nos activit\u00e9s, nous prenons soudain conscience de la pr\u00e9sence au plus profond de nous-m\u00eames, d\u2019un centre immobile, l\u00e0 o\u00f9 tout effort est inconnu. C\u2019est l\u00e0 le berceau de notre \u00eatre.<\/p>\n\n\n\n<p class=\"has-text-align-center\">L\u2019effort en surface; le &#8220;non effort&#8221; au centre.<\/p>\n\n\n<div class=\"wp-block-image\">\n<figure class=\"alignleft\"><a href=\"http:\/\/gurdjieff-dances.com\/fra\/wp-content\/uploads\/2015\/11\/P1010181.jpg\"><img loading=\"lazy\" decoding=\"async\" width=\"300\" height=\"225\" src=\"http:\/\/gurdjieff-dances.com\/fra\/wp-content\/uploads\/2015\/11\/P1010181-300x225.jpg\" alt=\"Gurdjieff Movements \/ gurdjieff-dances.com\" class=\"wp-image-387\" srcset=\"https:\/\/gurdjieff-dances.com\/fra\/wp-content\/uploads\/2015\/11\/P1010181-300x225.jpg 300w, https:\/\/gurdjieff-dances.com\/fra\/wp-content\/uploads\/2015\/11\/P1010181.jpg 1024w, https:\/\/gurdjieff-dances.com\/fra\/wp-content\/uploads\/2015\/11\/P1010181-510x383.jpg 510w\" sizes=\"(max-width: 300px) 100vw, 300px\" \/><\/a><\/figure><\/div>\n\n\n<p class=\"has-text-align-center\">Effort on the periphery. Non-effort in the center.<\/p>\n\n\n\n<p class=\"has-text-align-center\">L\u2019activit\u00e9 en p\u00e9riph\u00e9rie ; au centre une \u2018non activit\u00e9\u2019 absolue. Pendant la pratique des mouvements, nous cherchons \u00e0 renforcer le<br>t\u00e9moin int\u00e9rieur, \u00e0 maintenir notre centre de gravit\u00e9 dans la conscience observatrice. On relie notre vigilance ext\u00e9rieure \u00e0 notre vigilance int\u00e9rieure ; on relie l\u2019observation de la fluidit\u00e9 des mouvements, des \u00e9nergies, des \u00e9motions et des pens\u00e9es, \u00e0 celui qui les observe.<\/p>\n\n\n\n<p class=\"has-text-align-center\">Cependant nous l\u2019oublions maintes fois, et r\u00e9alisons combien le d\u00e9sir d\u2019arriver, de r\u00e9ussir, de maitriser les Mouvements est une distraction ; comme le sont la comparaison, le jugement ou encore la r\u00eaverie. Car la soci\u00e9t\u00e9 qui nous entoure fonctionne ainsi. Les Mouvements de Gurdjieff nous ram\u00e8nent non seulement \u00e0 l\u2019observateur, mais aussi \u00e0 un ancrage dans l\u2019immobilit\u00e9, le silence, la paix int\u00e9rieure.<\/p>\n\n\n\n<p class=\"has-text-align-center\">Le processus int\u00e9rieur est une danse de la vigilance entre l\u2019int\u00e9rieur et l\u2019ext\u00e9rieur. Apprendre \u00e0 percevoir int\u00e9rieurement son corps, commen\u00e7ant successivement par une partie, puis une autre ; en les combinant<br>ensuite ; soudain une sensation se r\u00e9pand dans tout notre \u00eatre, c\u2019est la vive sensation d\u2019\u00eatre unifi\u00e9. On peut appeler cette exp\u00e9rience Pr\u00e9sence.<\/p>\n\n\n\n<p class=\"has-text-align-center\">Ensuite, l\u2019observation n\u2019est plus confin\u00e9e au corps, mais s\u2019\u00e9largit \u00e0 la pi\u00e8ce dans laquelle on se trouve, aux autres participants, \u00e0 la musique et aux sons&#8230; ce qui suscite une distanciation envers les pens\u00e9es et les<br>\u00e9motions. L\u2019immobilit\u00e9 est ressentie au c\u0153ur de chaque mouvement, et l\u2019inaction au c\u0153ur de chaque action&#8230;<\/p>\n\n\n\n<ul>\n<li>Ce que l\u2019on voit ce sont les mouvements, les formes, le rythme, les \u00e9motions, les pens\u00e9es, les actions du groupe.<\/li>\n\n\n\n<li>Celui qui les voit est sans forme, inactif, immobile, silencieux.<\/li>\n\n\n\n<li>Tout mouvement \u00e9merge de cette vie silencieuse, tout mouvement approfondit l\u2019immobilit\u00e9 de cette vie.<\/li>\n<\/ul>\n\n\n<div class=\"wp-block-image\">\n<figure class=\"aligncenter\"><a href=\"http:\/\/gurdjieff-dances.com\/fra\/wp-content\/uploads\/2015\/11\/dsc00105.jpg\"><img loading=\"lazy\" decoding=\"async\" width=\"350\" height=\"263\" src=\"http:\/\/gurdjieff-dances.com\/fra\/wp-content\/uploads\/2015\/11\/dsc00105.jpg\" alt=\"dsc00105\" class=\"wp-image-268\" srcset=\"https:\/\/gurdjieff-dances.com\/fra\/wp-content\/uploads\/2015\/11\/dsc00105.jpg 350w, https:\/\/gurdjieff-dances.com\/fra\/wp-content\/uploads\/2015\/11\/dsc00105-300x225.jpg 300w\" sizes=\"(max-width: 350px) 100vw, 350px\" \/><\/a><\/figure><\/div>\n\n\n<p class=\"has-text-align-center\"><\/p>\n\n\n\n<p class=\"has-text-align-center\">Les Mouvements sont une succession d\u2019actions effectu\u00e9es tandis qu\u2019en votre centre rien ne bouge. \u00c0 travers les formes changeantes, qu\u2019elles soient rapides ou lentes, arrondies ou saccad\u00e9es, nous nous \u00e9veillons au \u2018sans forme\u2019, \u00e0 ce qui ne change pas. D\u2019o\u00f9 ce sentiment de libert\u00e9 et d\u2019expansion&#8230;<\/p>\n\n\n\n<p class=\"has-text-align-center\">Les trois \u00e9l\u00e9ments de la nature humaine participent aux Mouvements. Notre corps, notre c\u0153ur et notre esprit sont amen\u00e9s \u00e0 un \u00e9change harmonieux, partageant une certaine vibration commune. D\u2019o\u00f9 l\u2019importance de la pr\u00e9sence de ces trois \u00e9l\u00e9ments :<\/p>\n\n\n\n<ul>\n<li>\u00c9videmment, l\u2019\u00e9veil d\u2019une relation intime avec notre corps par les sensations r\u00e9v\u00e9l\u00e9es&#8230; que le corps soit immobile ou non.<\/li>\n\n\n\n<li>La partie intellectuelle, participe par une qualit\u00e9 de vigilance sp\u00e9cifique, mais aussi quelques fois en devant compter, r\u00e9p\u00e9ter des mots ou des affirmations.<\/li>\n\n\n\n<li>La partie \u00e9motionnelle, \u00e9veill\u00e9e peut-\u00eatre par la musique et l\u2019espace int\u00e9rieur particulier qu\u2019elle d\u00e9clenche, ou par le souvenir d\u2019un fr\u00e8re, d\u2019une s\u0153ur&#8230; ou par la suggestion de ressentir un certain sentiment, ou encore par l\u2019effet miroir des autres personnes pr\u00e9sentes dans la salle.<\/li>\n\n\n\n<li>La pratique des mouvements devient une source d\u2019\u00e9quilibre et d\u2019harmonie. Elle demande une discipline intellectuelle, une discipline \u00e9motionnelle et une discipline physique.<\/li>\n<\/ul>\n\n\n\n<p class=\"has-text-align-center\">De nos jours, le mot \u00ab discipline \u00bb est mal compris. En r\u00e9alit\u00e9, il signifie simplement \u00ab \u00eatre dispos\u00e9 \u00e0 apprendre \u00bb, c\u2019est reconna\u00eetre sinc\u00e8rement que sans directives, je serais en train d\u2019errer sans fin&#8230; d\u2019o\u00f9 un saut joyeux dans l\u2019apprentissage.<\/p>\n\n\n<div class=\"wp-block-image\">\n<figure class=\"aligncenter\"><img loading=\"lazy\" decoding=\"async\" width=\"350\" height=\"250\" src=\"http:\/\/gurdjieff-dances.com\/fra\/wp-content\/uploads\/2015\/11\/emlimg_7827.jpg\" alt=\"emlimg_7827\" class=\"wp-image-269\" srcset=\"https:\/\/gurdjieff-dances.com\/fra\/wp-content\/uploads\/2015\/11\/emlimg_7827.jpg 350w, https:\/\/gurdjieff-dances.com\/fra\/wp-content\/uploads\/2015\/11\/emlimg_7827-300x214.jpg 300w\" sizes=\"(max-width: 350px) 100vw, 350px\" \/><\/figure><\/div>\n\n\n<p class=\"has-text-align-center\"><\/p>\n\n\n\n<p class=\"has-text-align-center\">Au sein de la pr\u00e9cision et de la beaut\u00e9 des Mouvements s\u2019ouvre un monde de clart\u00e9, d\u2019amour, de force int\u00e9rieure, de cr\u00e9ativit\u00e9 et d\u2019action&#8230;.<\/p>\n","protected":false},"excerpt":{"rendered":"<p>\u00a0Qui est l\u2019h\u00f4te de ce corps de chair et d\u2019os ? Y a-t-il quelqu\u2019un \u00e0 l\u2019int\u00e9rieur ? Quelle est cette immensit\u00e9 confin\u00e9e dans les limites du corps ? Comment r\u00e9pondre \u00e0 notre aspiration nostalgique vers ce qu\u2019il y a de plus &#8220;\u00e9lev\u00e9&#8221;, vers le \u2018meilleur\u2019, et comment satisfaire la qu\u00eate de v\u00e9rit\u00e9 qui s\u2019empare parfois [&hellip;]<\/p>\n","protected":false},"author":1,"featured_media":0,"parent":0,"menu_order":0,"comment_status":"closed","ping_status":"closed","template":"","meta":{"footnotes":""},"_links":{"self":[{"href":"https:\/\/gurdjieff-dances.com\/fra\/wp-json\/wp\/v2\/pages\/230"}],"collection":[{"href":"https:\/\/gurdjieff-dances.com\/fra\/wp-json\/wp\/v2\/pages"}],"about":[{"href":"https:\/\/gurdjieff-dances.com\/fra\/wp-json\/wp\/v2\/types\/page"}],"author":[{"embeddable":true,"href":"https:\/\/gurdjieff-dances.com\/fra\/wp-json\/wp\/v2\/users\/1"}],"replies":[{"embeddable":true,"href":"https:\/\/gurdjieff-dances.com\/fra\/wp-json\/wp\/v2\/comments?post=230"}],"version-history":[{"count":45,"href":"https:\/\/gurdjieff-dances.com\/fra\/wp-json\/wp\/v2\/pages\/230\/revisions"}],"predecessor-version":[{"id":16458,"href":"https:\/\/gurdjieff-dances.com\/fra\/wp-json\/wp\/v2\/pages\/230\/revisions\/16458"}],"wp:attachment":[{"href":"https:\/\/gurdjieff-dances.com\/fra\/wp-json\/wp\/v2\/media?parent=230"}],"curies":[{"name":"wp","href":"https:\/\/api.w.org\/{rel}","templated":true}]}}